{"id":700,"date":"2023-10-17T15:00:31","date_gmt":"2023-10-17T18:00:31","guid":{"rendered":"https:\/\/c2y-services.ca\/daccueil\/"},"modified":"2023-11-03T14:09:57","modified_gmt":"2023-11-03T17:09:57","slug":"daccueil","status":"publish","type":"page","link":"https:\/\/c2y-services.ca\/fr\/daccueil\/","title":{"rendered":"Accueil"},"content":{"rendered":"\n<h1>\n\t\tService de livraison rapide, fiable et abordable\n\t<\/h1>\n\t<p>C2Y Delivery Services offre une solution transparente, fiable et abordable pour tous vos besoins en mati\u00e8re de cueillette et de livraison dans le sud du Nouveau-Brunswick.<\/p>\n\t<p>Pour les d\u00e9m\u00e9nagements r\u00e9sidentiels et commerciaux dans le Grand Moncton, Shediac et les environs, nous avons aussi une \u00e9quipe de d\u00e9m\u00e9nageurs chevronn\u00e9s.<\/p>\n\t\t\t\t<img loading=\"lazy\" decoding=\"async\" src=\"https:\/\/c2y-services.ca\/wp-content\/uploads\/2023\/08\/c2y-delivery-van.png\" alt=\"c2y-delivery-van\" itemprop=\"image\" height=\"640\" width=\"1600\" title=\"c2y-delivery-van\" onerror=\"this.style.display='none'\"  \/>\n\t\t\t<a href=\"https:\/\/c2y-services.ca\/fr\/planifier-une-livraison\/\" target=\"_self\" rel=\"noopener\">\n\t\t\t\t\t\tPlanifier une livraison\n\t\t\t\t\t<\/a>\n\t\t\t<a href=\"https:\/\/c2y-services.ca\/fr\/planifier-un-demenagement\/\" target=\"_self\" rel=\"noopener\">\n\t\t\t\t\t\tPlanifier un d\u00e9m\u00e9nagement\n\t\t\t\t\t<\/a>\n<h2>\n\t\tPourquoi choisir C2Y Delivery Services?\n\t<\/h2>\n\t<p>Chez C2Y Delivery Services, nous ne sommes pas une entreprise de livraison comme les autres. Nous sommes vos voisins, vos amis et vos partenaires pour vous faciliter la vie. Au service du sud du Nouveau-Brunswick, nous nous engageons \u00e0 fournir des solutions exceptionnelles en mati\u00e8re de ramassage et de livraison. Voici pourquoi nous nous distinguons :<\/p>\n\t\t\t<h3> Expertise locale ;<\/h3> <p>Puisqu&rsquo;on vient de la r\u00e9gion, on conna\u00eet le sud du Nouveau-Brunswick comme le fond de notre poche. Nos livraisons sont rapides et efficaces, parce qu&rsquo;on sait comment \u00e9viter tous les bouchons et ralentissements habituels.<\/p>\n\t\t\t<h3> Des tarifs abordables<\/h3> <p>La qualit\u00e9 sans se ruiner, c&rsquo;est possible Gr\u00e2ce \u00e0 nos prix concurrentiels, vous aurez droit \u00e0 un service de qualit\u00e9 sans facture sal\u00e9e.<\/p>\t\t\n\t\t\t<h3> Des solutions d&rsquo;affaires personnalis\u00e9es<\/h3> <p>Vous dirigez une entreprise? Nous proposons des solutions sur mesure pour r\u00e9pondre aux exigences uniques des entreprises de toutes tailles. Qu&rsquo;il s&rsquo;agisse de livraisons r\u00e9guli\u00e8res ou d&rsquo;un colis sp\u00e9cial pour un client, vous pouvez compter sur C2Y Delivery Services, votre partenaire commercial de confiance.<\/p>\t\t\n\t\t\t<h3> Satisfaction garantie<\/h3> <p>Votre satisfaction est le gage de notre r\u00e9ussite. Nous cherchons toujours \u00e0 d\u00e9passer vos attentes, \u00e0 chacune de nos livraisons. Si, pour quelque raison que ce soit, vous n&rsquo;\u00eates pas enti\u00e8rement satisfait, nous nous engageons \u00e0 corriger le tir.<\/p>\n\t\t\t<h3>  Une \u00e9quipe sympathique et professionnelle<\/h3> <p>Notre \u00e9quipe est le c\u0153ur de notre service. Notre personnel qualifi\u00e9, courtois et professionnel ne m\u00e9nage aucun effort pour que votre exp\u00e9rience avec nous soit hors pair.<\/p>\t\t\n\t\t\t<h3> Une manutention soigneuse<\/h3> <p>Colis fragiles ou d\u00e9licats? Nous faisons tr\u00e8s attention \u00e0 tous les colis qui nous sont confi\u00e9s. Nous savons que chaque livraison est unique et nous adaptons nos services \u00e0 vos besoins particuliers, en veillant toujours \u00e0 ce que votre colis soit trait\u00e9 avec le plus grand soin.<\/p>\t\t\n\t<p>Optez pour C2Y Delivery Services quels que soient vos besoins de ramassage et de livraison dans le sud du Nouveau-Brunswick. Nous nous d\u00e9marquons par notre souci de la qualit\u00e9, de la fiabilit\u00e9 et de la collectivit\u00e9.<\/p>\n<p>Pour de plus amples d\u00e9tails, <a href=\"https:\/\/c2y-services.ca\/fr\/planifier-une-livraison\/\">une livraison<\/a> ou <a href=\"https:\/\/c2y-services.ca\/fr\/planifier-un-demenagement\/\">un d\u00e9m\u00e9nagement<\/a>, <a href=\"https:\/\/c2y-services.ca\/fr\/nous-contacter\/\">communiquez avec nous<\/a>.<\/p>\n\t\t\t<a href=\"https:\/\/c2y-services.ca\/fr\/planifier-une-livraison\/\" target=\"_self\" rel=\"noopener\">\n\t\t\t\t\t\tPlanifier une livraison\n\t\t\t\t\t<\/a>\n\t\t\t<a href=\"https:\/\/c2y-services.ca\/fr\/planifier-un-demenagement\/\" target=\"_self\" rel=\"noopener\">\n\t\t\t\t\t\tPlanifier un d\u00e9m\u00e9nagement\n\t\t\t\t\t<\/a>\n\n","protected":false},"excerpt":{"rendered":"<p>Service de livraison rapide, fiable et abordable C2Y Delivery Services offre une solution transparente, fiable et abordable pour tous vos besoins en mati\u00e8re de cueillette et de livraison dans le sud du Nouveau-Brunswick. Pour les d\u00e9m\u00e9nagements r\u00e9sidentiels et commerciaux dans le Grand Moncton, Shediac et les environs, nous avons aussi une \u00e9quipe de d\u00e9m\u00e9nageurs chevronn\u00e9s.&hellip;<\/p>\n","protected":false},"author":2,"featured_media":0,"parent":0,"menu_order":0,"comment_status":"closed","ping_status":"closed","template":"","meta":{"footnotes":""},"class_list":["post-700","page","type-page","status-publish","hentry"],"_links":{"self":[{"href":"https:\/\/c2y-services.ca\/fr\/wp-json\/wp\/v2\/pages\/700","targetHints":{"allow":["GET"]}}],"collection":[{"href":"https:\/\/c2y-services.ca\/fr\/wp-json\/wp\/v2\/pages"}],"about":[{"href":"https:\/\/c2y-services.ca\/fr\/wp-json\/wp\/v2\/types\/page"}],"author":[{"embeddable":true,"href":"https:\/\/c2y-services.ca\/fr\/wp-json\/wp\/v2\/users\/2"}],"replies":[{"embeddable":true,"href":"https:\/\/c2y-services.ca\/fr\/wp-json\/wp\/v2\/comments?post=700"}],"version-history":[{"count":9,"href":"https:\/\/c2y-services.ca\/fr\/wp-json\/wp\/v2\/pages\/700\/revisions"}],"predecessor-version":[{"id":771,"href":"https:\/\/c2y-services.ca\/fr\/wp-json\/wp\/v2\/pages\/700\/revisions\/771"}],"wp:attachment":[{"href":"https:\/\/c2y-services.ca\/fr\/wp-json\/wp\/v2\/media?parent=700"}],"curies":[{"name":"wp","href":"https:\/\/api.w.org\/{rel}","templated":true}]}}